{"id":495,"date":"2024-12-27T09:23:19","date_gmt":"2024-12-27T09:23:19","guid":{"rendered":"https:\/\/multisersac.com\/w\/projects\/"},"modified":"2025-01-23T17:39:44","modified_gmt":"2025-01-23T17:39:44","slug":"equipos","status":"publish","type":"page","link":"https:\/\/multisersac.com\/w\/equipos\/","title":{"rendered":"Equipos"},"content":{"rendered":"\n<div class=\"wp-block-uagb-container uagb-block-5451af51 alignfull uagb-is-root-container\"><div class=\"uagb-container-inner-blocks-wrap\">\n<div class=\"wp-block-uagb-advanced-heading uagb-block-f45ed1f8\"><h1 class=\"uagb-heading-text\">MONTACARGAS<\/h1><\/div>\n<\/div><\/div>\n\n\n\n<div class=\"wp-block-uagb-container uagb-block-52be6acf alignfull uagb-is-root-container\"><div class=\"uagb-container-inner-blocks-wrap\">\n<div class=\"wp-block-uagb-info-box uagb-block-86a9b711 uagb-infobox__content-wrap  uagb-infobox-icon-above-title uagb-infobox-image-valign-top\"><div class=\"uagb-ifb-content\"><div class=\"uagb-ifb-title-wrap\"><h3 class=\"uagb-ifb-title-prefix\">Nuestros Equipos<\/h3><h2 class=\"uagb-ifb-title\">Montacargas &#8211; Diesel y GLP<\/h2><\/div><\/div><\/div>\n<\/div><\/div>\n\n\n\n<div class=\"wp-block-uagb-container uagb-block-cd1b7025 alignfull uagb-is-root-container\">\n<div class=\"wp-block-uagb-container uagb-block-a0acdf8c\">\n<div class=\"wp-block-uagb-advanced-heading uagb-block-df5c2a61\"><h3 class=\"uagb-heading-text\">Montacargas<br>1.0 Toneladas<\/h3><p class=\"uagb-desc-text\">Combusti\u00f3n Di\u00e9sel y GLP<\/p><\/div>\n<\/div>\n\n\n\n<div class=\"wp-block-uagb-container uagb-block-0d27ba32\">\n<div class=\"wp-block-uagb-advanced-heading uagb-block-f496d8a9\"><h3 class=\"uagb-heading-text\">Montacargas<br>2.5 Toneladas<\/h3><p class=\"uagb-desc-text\">Combusti\u00f3n Di\u00e9sel y GLP<\/p><\/div>\n<\/div>\n\n\n\n<div class=\"wp-block-uagb-container uagb-block-2ceea063\">\n<div class=\"wp-block-uagb-advanced-heading uagb-block-d86778c9\"><h3 class=\"uagb-heading-text\">Montacargas<br>03 Toneladas<\/h3><p class=\"uagb-desc-text\">Combusti\u00f3n Di\u00e9sel y GLP<\/p><\/div>\n<\/div>\n\n\n\n<div class=\"wp-block-uagb-container uagb-block-1da58fc0\">\n<div class=\"wp-block-uagb-advanced-heading uagb-block-53300214\"><h3 class=\"uagb-heading-text\"><strong>Montacargas<br>05 Toneladas\u200b<\/strong><\/h3><p class=\"uagb-desc-text\">Combusti\u00f3n Di\u00e9sel y GLP<\/p><\/div>\n<\/div>\n\n\n\n<div class=\"wp-block-uagb-container uagb-block-4c9202f7 alignfull uagb-is-root-container\"><div class=\"uagb-container-inner-blocks-wrap\">\n<div class=\"wp-block-uagb-advanced-heading uagb-block-977bb4d8\"><h3 class=\"uagb-heading-text\">Montacargas<br>07 Toneladas<\/h3><p class=\"uagb-desc-text\">Combusti\u00f3n Di\u00e9sel y GLP<\/p><\/div>\n<\/div><\/div>\n\n\n\n<div class=\"wp-block-uagb-container uagb-block-62965c0e alignfull uagb-is-root-container\"><div class=\"uagb-container-inner-blocks-wrap\">\n<div class=\"wp-block-uagb-advanced-heading uagb-block-2f43cafd\"><h3 class=\"uagb-heading-text\">Montacargas<br>10 Toneladas<\/h3><p class=\"uagb-desc-text\">Combusti\u00f3n Di\u00e9sel y GLP<\/p><\/div>\n<\/div><\/div>\n\n\n\n<div class=\"wp-block-uagb-container uagb-block-5d765877 alignfull uagb-is-root-container\"><div class=\"uagb-container-inner-blocks-wrap\">\n<div class=\"wp-block-uagb-advanced-heading uagb-block-9ce0afbe\"><h3 class=\"uagb-heading-text\">Montacargas<br>12 Toneladas<\/h3><p class=\"uagb-desc-text\">Combusti\u00f3n Di\u00e9sel y GLP<\/p><\/div>\n<\/div><\/div>\n\n\n\n<div class=\"wp-block-uagb-container uagb-block-4345b99f\">\n<div class=\"wp-block-uagb-advanced-heading uagb-block-36d061dc\"><h3 class=\"uagb-heading-text\"><strong>Montacargas<br>15 Toneladas<\/strong><\/h3><p class=\"uagb-desc-text\">Combusti\u00f3n Di\u00e9sel y GLP<\/p><\/div>\n<\/div>\n<\/div>\n\n\n\n<div style=\"height:100px\" aria-hidden=\"true\" class=\"wp-block-spacer\"><\/div>\n\n\n\n<div class=\"wp-block-uagb-container uagb-layout-grid uagb-block-5031fb51 alignfull uagb-is-root-container\"><div class=\"uagb-container-inner-blocks-wrap\">\n<div class=\"wp-block-uagb-info-box uagb-block-f051ebd8 uagb-infobox__content-wrap  uagb-infobox-icon-above-title uagb-infobox-image-valign-top wp-block-uagb-info-box--has-margin\"><div class=\"uagb-infobox-margin-wrapper\"><div class=\"uagb-ifb-content\"><div class=\"uagb-ifb-image-content\"><img decoding=\"async\" src=\"https:\/\/multisersac.com\/w\/wp-content\/uploads\/2025\/01\/Captura-de-pantalla-2025-01-22-072941.png\" alt=\"\" width=\"392\" height=\"319\" loading=\"lazy\"\/><\/div><div class=\"uagb-ifb-title-wrap\"><h3 class=\"uagb-ifb-title\">CATERPILLAR<br>DP70NM<\/h3><\/div><p class=\"uagb-ifb-desc\">Capacidad de carga<br>7,000 Lbs<\/p><\/div><\/div><\/div>\n\n\n\n<div class=\"wp-block-uagb-info-box uagb-block-e954ed29 uagb-infobox__content-wrap  uagb-infobox-icon-above-title uagb-infobox-image-valign-top wp-block-uagb-info-box--has-margin\"><div class=\"uagb-infobox-margin-wrapper\"><div class=\"uagb-ifb-content\"><div class=\"uagb-ifb-image-content\"><img decoding=\"async\" src=\"https:\/\/multisersac.com\/w\/wp-content\/uploads\/2025\/01\/Captura-de-pantalla-2025-01-22-073141.png\" alt=\"\" width=\"410\" height=\"344\" loading=\"lazy\"\/><\/div><div class=\"uagb-ifb-title-wrap\"><h3 class=\"uagb-ifb-title\">CATERPILLAR<br>GP25N5<\/h3><\/div><p class=\"uagb-ifb-desc\">Capacidad de carga<br>5,000 Lbs<\/p><\/div><\/div><\/div>\n\n\n\n<div class=\"wp-block-uagb-info-box uagb-block-65efee6f uagb-infobox__content-wrap  uagb-infobox-icon-above-title uagb-infobox-image-valign-top wp-block-uagb-info-box--has-margin\"><div class=\"uagb-infobox-margin-wrapper\"><div class=\"uagb-ifb-content\"><div class=\"uagb-ifb-image-content\"><img decoding=\"async\" src=\"https:\/\/multisersac.com\/w\/wp-content\/uploads\/2025\/01\/Captura-de-pantalla-2025-01-22-073413.fw_.png\" alt=\"\" width=\"410\" height=\"344\" loading=\"lazy\"\/><\/div><div class=\"uagb-ifb-title-wrap\"><h3 class=\"uagb-ifb-title\">CATERPILLAR<br>GC55K<\/h3><\/div><p class=\"uagb-ifb-desc\">Capacidad de carga<br>12,000 Lbs<\/p><\/div><\/div><\/div>\n\n\n\n<div class=\"wp-block-uagb-info-box uagb-block-0174d2fb uagb-infobox__content-wrap  uagb-infobox-icon-above-title uagb-infobox-image-valign-top wp-block-uagb-info-box--has-margin\"><div class=\"uagb-infobox-margin-wrapper\"><div class=\"uagb-ifb-content\"><div class=\"uagb-ifb-image-content\"><img decoding=\"async\" src=\"https:\/\/multisersac.com\/w\/wp-content\/uploads\/2025\/01\/Captura-de-pantalla-2025-01-22-074129.png\" alt=\"\" width=\"473\" height=\"377\" loading=\"lazy\"\/><\/div><div class=\"uagb-ifb-title-wrap\"><h3 class=\"uagb-ifb-title\">MITSUBISHI<br>FG40N1<\/h3><\/div><p class=\"uagb-ifb-desc\">Capacidad de carga<br>8,000 Lbs<\/p><\/div><\/div><\/div>\n\n\n\n<div class=\"wp-block-uagb-info-box uagb-block-6babea65 uagb-infobox__content-wrap  uagb-infobox-icon-above-title uagb-infobox-image-valign-top wp-block-uagb-info-box--has-margin\"><div class=\"uagb-infobox-margin-wrapper\"><div class=\"uagb-ifb-content\"><div class=\"uagb-ifb-image-content\"><img decoding=\"async\" src=\"https:\/\/multisersac.com\/w\/wp-content\/uploads\/2025\/01\/Captura-de-pantalla-2025-01-22-074252.png\" alt=\"\" width=\"469\" height=\"372\" loading=\"lazy\"\/><\/div><div class=\"uagb-ifb-title-wrap\"><h3 class=\"uagb-ifb-title\">MITSUBISHI<br>FD70NM<\/h3><\/div><p class=\"uagb-ifb-desc\">Capacidad de carga<br>15,500 Lbs<\/p><\/div><\/div><\/div>\n\n\n\n<div class=\"wp-block-uagb-info-box uagb-block-61d96c3b uagb-infobox__content-wrap  uagb-infobox-icon-above-title uagb-infobox-image-valign-top wp-block-uagb-info-box--has-margin\"><div class=\"uagb-infobox-margin-wrapper\"><div class=\"uagb-ifb-content\"><div class=\"uagb-ifb-image-content\"><img decoding=\"async\" src=\"https:\/\/multisersac.com\/w\/wp-content\/uploads\/2025\/01\/Captura-de-pantalla-2025-01-22-074401.png\" alt=\"\" width=\"479\" height=\"366\" loading=\"lazy\"\/><\/div><div class=\"uagb-ifb-title-wrap\"><h3 class=\"uagb-ifb-title\">MITSUBISHI<br>FD120L6PM<\/h3><\/div><p class=\"uagb-ifb-desc\">Capacidad de carga<br>26,000 Lbs<\/p><\/div><\/div><\/div>\n\n\n\n<div class=\"wp-block-uagb-info-box uagb-block-3fcabab6 uagb-infobox__content-wrap  uagb-infobox-icon-above-title uagb-infobox-image-valign-top wp-block-uagb-info-box--has-margin\"><div class=\"uagb-infobox-margin-wrapper\"><div class=\"uagb-ifb-content\"><div class=\"uagb-ifb-image-content\"><img decoding=\"async\" src=\"https:\/\/multisersac.com\/w\/wp-content\/uploads\/2025\/01\/Captura-de-pantalla-2025-01-22-071552.png\" alt=\"\" width=\"678\" height=\"465\" loading=\"lazy\"\/><\/div><div class=\"uagb-ifb-title-wrap\"><h3 class=\"uagb-ifb-title\">YALE<br>GP300-360EF<\/h3><\/div><p class=\"uagb-ifb-desc\">Capacidad de carga<br>10500-16500kg<\/p><\/div><\/div><\/div>\n\n\n\n<div class=\"wp-block-uagb-info-box uagb-block-585bee35 uagb-infobox__content-wrap  uagb-infobox-icon-above-title uagb-infobox-image-valign-top wp-block-uagb-info-box--has-margin\"><div class=\"uagb-infobox-margin-wrapper\"><div class=\"uagb-ifb-content\"><div class=\"uagb-ifb-image-content\"><img decoding=\"async\" src=\"https:\/\/multisersac.com\/w\/wp-content\/uploads\/2025\/01\/Captura-de-pantalla-2025-01-22-071848.png\" alt=\"\" width=\"664\" height=\"456\" loading=\"lazy\"\/><\/div><div class=\"uagb-ifb-title-wrap\"><h3 class=\"uagb-ifb-title\">YALE<br>GP190-280DF<\/h3><\/div><p class=\"uagb-ifb-desc\">Capacidad de carga<br>8500-12500kg<\/p><\/div><\/div><\/div>\n\n\n\n<div class=\"wp-block-uagb-info-box uagb-block-b7e32be2 uagb-infobox__content-wrap  uagb-infobox-icon-above-title uagb-infobox-image-valign-top wp-block-uagb-info-box--has-margin\"><div class=\"uagb-infobox-margin-wrapper\"><div class=\"uagb-ifb-content\"><div class=\"uagb-ifb-image-content\"><img decoding=\"async\" src=\"https:\/\/multisersac.com\/w\/wp-content\/uploads\/2025\/01\/Captura-de-pantalla-2025-01-22-072005.png\" alt=\"\" width=\"682\" height=\"467\" loading=\"lazy\"\/><\/div><div class=\"uagb-ifb-title-wrap\"><h3 class=\"uagb-ifb-title\">YALE<br>GP15-35MX<\/h3><\/div><p class=\"uagb-ifb-desc\">Capacidad de carga<br>1500-3500kg<\/p><\/div><\/div><\/div>\n\n\n\n<div class=\"wp-block-uagb-info-box uagb-block-edc99a7c uagb-infobox__content-wrap  uagb-infobox-icon-above-title uagb-infobox-image-valign-top wp-block-uagb-info-box--has-margin\"><div class=\"uagb-infobox-margin-wrapper\"><div class=\"uagb-ifb-content\"><div class=\"uagb-ifb-image-content\"><img decoding=\"async\" src=\"https:\/\/multisersac.com\/w\/wp-content\/uploads\/2025\/01\/Captura-de-pantalla-2025-01-22-074401.png\" alt=\"\" width=\"479\" height=\"366\" loading=\"lazy\"\/><\/div><div class=\"uagb-ifb-title-wrap\"><h3 class=\"uagb-ifb-title\">MITSUBISHI<br>FG15N5<\/h3><\/div><p class=\"uagb-ifb-desc\">Capacidad de carga<br>3,000 Lbs<br><\/p><\/div><\/div><\/div>\n\n\n\n<div class=\"wp-block-uagb-info-box uagb-block-96a84330 uagb-infobox__content-wrap  uagb-infobox-icon-above-title uagb-infobox-image-valign-top wp-block-uagb-info-box--has-margin\"><div class=\"uagb-infobox-margin-wrapper\"><div class=\"uagb-ifb-content\"><div class=\"uagb-ifb-image-content\"><img decoding=\"async\" src=\"https:\/\/multisersac.com\/w\/wp-content\/uploads\/2025\/01\/Captura-de-pantalla-2025-01-22-075237.png\" alt=\"\" width=\"481\" height=\"357\" loading=\"lazy\"\/><\/div><div class=\"uagb-ifb-title-wrap\"><h3 class=\"uagb-ifb-title\">MITSUBISHI<br>FD160L9PM<\/h3><\/div><p class=\"uagb-ifb-desc\">Capacidad de carga<br>36,000 Lbs<br><\/p><\/div><\/div><\/div>\n\n\n\n<div class=\"wp-block-uagb-info-box uagb-block-ecf202a0 uagb-infobox__content-wrap  uagb-infobox-icon-above-title uagb-infobox-image-valign-top wp-block-uagb-info-box--has-margin\"><div class=\"uagb-infobox-margin-wrapper\"><div class=\"uagb-ifb-content\"><div class=\"uagb-ifb-image-content\"><img decoding=\"async\" src=\"https:\/\/multisersac.com\/w\/wp-content\/uploads\/2025\/01\/Captura-de-pantalla-2025-01-22-075237.png\" alt=\"\" width=\"481\" height=\"357\" loading=\"lazy\"\/><\/div><div class=\"uagb-ifb-title-wrap\"><h3 class=\"uagb-ifb-title\">MITSUBISHI<br>FD160L12PM<\/h3><\/div><p class=\"uagb-ifb-desc\">Capacidad de carga<br>40,000 Lbs<\/p><\/div><\/div><\/div>\n<\/div><\/div>\n\n\n\n<div class=\"wp-block-uagb-container uagb-block-203326f0 alignfull uagb-is-root-container\"><div class=\"uagb-container-inner-blocks-wrap\">\n<div class=\"wp-block-uagb-info-box uagb-block-1cc8c252 uagb-infobox__content-wrap  uagb-infobox-icon-above-title uagb-infobox-image-valign-top\"><div class=\"uagb-ifb-content\"><div class=\"uagb-ifb-title-wrap\"><h3 class=\"uagb-ifb-title-prefix\">Confianza y Compromiso<\/h3><h2 class=\"uagb-ifb-title\">Nuestros Clientes<\/h2><\/div><\/div><\/div>\n\n\n\t\t\t\t\t<div\n\t\t\t\t\t\tclass=\"wp-block-uagb-image-gallery uagb-block-5825a5b4     \"\n\t\t\t\t\t\tstyle=\"\"\n\t\t\t\t\t>\n\t\t\t\t\t\t\t\t\t\t\t<div class=\"spectra-image-gallery spectra-image-gallery__layout--carousel\">\n\t\t\t\t\t\t\t\t<div class=\"uagb-slick-carousel uagb-block-5825a5b4\">\n\t\t\t\t\t\t\t\t\t\t\t\t<div class='spectra-image-gallery__media-wrapper' data-spectra-gallery-image-id='1408'>\n\t\t\t\t\t\t\t<div class=\"spectra-image-gallery__media spectra-image-gallery__media--carousel\">\n\t\t\t\t<picture>\n\t\t\t\t\t<source media=\"(min-width: 1024px)\" srcset=\"https:\/\/multisersac.com\/w\/wp-content\/uploads\/2025\/01\/clientes001.fw_-1.png\">\n\t\t\t\t\t<source media=\"(min-width: 768px)\" srcset=\"https:\/\/multisersac.com\/w\/wp-content\/uploads\/2025\/01\/clientes001.fw_-1.png\">\n\t\t\t\t\t<img decoding=\"async\" class=\"spectra-image-gallery__media-thumbnail spectra-image-gallery__media-thumbnail--carousel\" src=\"https:\/\/multisersac.com\/w\/wp-content\/uploads\/2025\/01\/clientes001.fw_-1.png\" alt=\"\" loading=\"lazy\" \/>\n\t\t\t\t<\/picture>\n\t\t\t\t<div class=\"spectra-image-gallery__media-thumbnail-blurrer\"><\/div>\n\t\t\t\t\t\t\t\t\t\t\t<div class=\"spectra-image-gallery__media-thumbnail-caption-wrapper spectra-image-gallery__media-thumbnail-caption-wrapper--overlay\"><\/div>\n\t\t\t\t\t\t\t\t<\/div>\n\t\t\t\t\t\t<\/div>\n\t\t\t\t\t\t<div class='spectra-image-gallery__media-wrapper' data-spectra-gallery-image-id='1409'>\n\t\t\t\t\t\t\t<div class=\"spectra-image-gallery__media spectra-image-gallery__media--carousel\">\n\t\t\t\t<picture>\n\t\t\t\t\t<source media=\"(min-width: 1024px)\" srcset=\"https:\/\/multisersac.com\/w\/wp-content\/uploads\/2025\/01\/clientes002.fw_-1.png\">\n\t\t\t\t\t<source media=\"(min-width: 768px)\" srcset=\"https:\/\/multisersac.com\/w\/wp-content\/uploads\/2025\/01\/clientes002.fw_-1.png\">\n\t\t\t\t\t<img decoding=\"async\" class=\"spectra-image-gallery__media-thumbnail spectra-image-gallery__media-thumbnail--carousel\" src=\"https:\/\/multisersac.com\/w\/wp-content\/uploads\/2025\/01\/clientes002.fw_-1.png\" alt=\"\" loading=\"lazy\" \/>\n\t\t\t\t<\/picture>\n\t\t\t\t<div class=\"spectra-image-gallery__media-thumbnail-blurrer\"><\/div>\n\t\t\t\t\t\t\t\t\t\t\t<div class=\"spectra-image-gallery__media-thumbnail-caption-wrapper spectra-image-gallery__media-thumbnail-caption-wrapper--overlay\"><\/div>\n\t\t\t\t\t\t\t\t<\/div>\n\t\t\t\t\t\t<\/div>\n\t\t\t\t\t\t<div class='spectra-image-gallery__media-wrapper' data-spectra-gallery-image-id='1410'>\n\t\t\t\t\t\t\t<div class=\"spectra-image-gallery__media spectra-image-gallery__media--carousel\">\n\t\t\t\t<picture>\n\t\t\t\t\t<source media=\"(min-width: 1024px)\" srcset=\"https:\/\/multisersac.com\/w\/wp-content\/uploads\/2025\/01\/clientes003.fw_-1.png\">\n\t\t\t\t\t<source media=\"(min-width: 768px)\" srcset=\"https:\/\/multisersac.com\/w\/wp-content\/uploads\/2025\/01\/clientes003.fw_-1.png\">\n\t\t\t\t\t<img decoding=\"async\" class=\"spectra-image-gallery__media-thumbnail spectra-image-gallery__media-thumbnail--carousel\" src=\"https:\/\/multisersac.com\/w\/wp-content\/uploads\/2025\/01\/clientes003.fw_-1.png\" alt=\"\" loading=\"lazy\" \/>\n\t\t\t\t<\/picture>\n\t\t\t\t<div class=\"spectra-image-gallery__media-thumbnail-blurrer\"><\/div>\n\t\t\t\t\t\t\t\t\t\t\t<div class=\"spectra-image-gallery__media-thumbnail-caption-wrapper spectra-image-gallery__media-thumbnail-caption-wrapper--overlay\"><\/div>\n\t\t\t\t\t\t\t\t<\/div>\n\t\t\t\t\t\t<\/div>\n\t\t\t\t\t\t<div class='spectra-image-gallery__media-wrapper' data-spectra-gallery-image-id='1411'>\n\t\t\t\t\t\t\t<div class=\"spectra-image-gallery__media spectra-image-gallery__media--carousel\">\n\t\t\t\t<picture>\n\t\t\t\t\t<source media=\"(min-width: 1024px)\" srcset=\"https:\/\/multisersac.com\/w\/wp-content\/uploads\/2025\/01\/clientes004.fw_-1.png\">\n\t\t\t\t\t<source media=\"(min-width: 768px)\" srcset=\"https:\/\/multisersac.com\/w\/wp-content\/uploads\/2025\/01\/clientes004.fw_-1.png\">\n\t\t\t\t\t<img decoding=\"async\" class=\"spectra-image-gallery__media-thumbnail spectra-image-gallery__media-thumbnail--carousel\" src=\"https:\/\/multisersac.com\/w\/wp-content\/uploads\/2025\/01\/clientes004.fw_-1.png\" alt=\"\" loading=\"lazy\" \/>\n\t\t\t\t<\/picture>\n\t\t\t\t<div class=\"spectra-image-gallery__media-thumbnail-blurrer\"><\/div>\n\t\t\t\t\t\t\t\t\t\t\t<div class=\"spectra-image-gallery__media-thumbnail-caption-wrapper spectra-image-gallery__media-thumbnail-caption-wrapper--overlay\"><\/div>\n\t\t\t\t\t\t\t\t<\/div>\n\t\t\t\t\t\t<\/div>\n\t\t\t\t\t\t<div class='spectra-image-gallery__media-wrapper' data-spectra-gallery-image-id='1412'>\n\t\t\t\t\t\t\t<div class=\"spectra-image-gallery__media spectra-image-gallery__media--carousel\">\n\t\t\t\t<picture>\n\t\t\t\t\t<source media=\"(min-width: 1024px)\" srcset=\"https:\/\/multisersac.com\/w\/wp-content\/uploads\/2025\/01\/clientes005.fw_-1.png\">\n\t\t\t\t\t<source media=\"(min-width: 768px)\" srcset=\"https:\/\/multisersac.com\/w\/wp-content\/uploads\/2025\/01\/clientes005.fw_-1.png\">\n\t\t\t\t\t<img decoding=\"async\" class=\"spectra-image-gallery__media-thumbnail spectra-image-gallery__media-thumbnail--carousel\" src=\"https:\/\/multisersac.com\/w\/wp-content\/uploads\/2025\/01\/clientes005.fw_-1.png\" alt=\"\" loading=\"lazy\" \/>\n\t\t\t\t<\/picture>\n\t\t\t\t<div class=\"spectra-image-gallery__media-thumbnail-blurrer\"><\/div>\n\t\t\t\t\t\t\t\t\t\t\t<div class=\"spectra-image-gallery__media-thumbnail-caption-wrapper spectra-image-gallery__media-thumbnail-caption-wrapper--overlay\"><\/div>\n\t\t\t\t\t\t\t\t<\/div>\n\t\t\t\t\t\t<\/div>\n\t\t\t\t\t\t<div class='spectra-image-gallery__media-wrapper' data-spectra-gallery-image-id='1413'>\n\t\t\t\t\t\t\t<div class=\"spectra-image-gallery__media spectra-image-gallery__media--carousel\">\n\t\t\t\t<picture>\n\t\t\t\t\t<source media=\"(min-width: 1024px)\" srcset=\"https:\/\/multisersac.com\/w\/wp-content\/uploads\/2025\/01\/clientes006.fw_-1.png\">\n\t\t\t\t\t<source media=\"(min-width: 768px)\" srcset=\"https:\/\/multisersac.com\/w\/wp-content\/uploads\/2025\/01\/clientes006.fw_-1.png\">\n\t\t\t\t\t<img decoding=\"async\" class=\"spectra-image-gallery__media-thumbnail spectra-image-gallery__media-thumbnail--carousel\" src=\"https:\/\/multisersac.com\/w\/wp-content\/uploads\/2025\/01\/clientes006.fw_-1.png\" alt=\"\" loading=\"lazy\" \/>\n\t\t\t\t<\/picture>\n\t\t\t\t<div class=\"spectra-image-gallery__media-thumbnail-blurrer\"><\/div>\n\t\t\t\t\t\t\t\t\t\t\t<div class=\"spectra-image-gallery__media-thumbnail-caption-wrapper spectra-image-gallery__media-thumbnail-caption-wrapper--overlay\"><\/div>\n\t\t\t\t\t\t\t\t<\/div>\n\t\t\t\t\t\t<\/div>\n\t\t\t\t\t\t\t\t\t\t\t<\/div>\n\t\t\t\t\t\t\t<\/div>\n\t\t\t\t\t\t\t\t\t\t\t<\/div>\n\t\t\t\t\t\t\t\t\t<\/div><\/div>\n","protected":false},"excerpt":{"rendered":"<p>MONTACARGAS Montacargas1.0 Toneladas Combusti\u00f3n Di\u00e9sel y GLP Montacargas2.5 Toneladas Combusti\u00f3n Di\u00e9sel y GLP Montacargas03 Toneladas Combusti\u00f3n Di\u00e9sel y GLP Montacargas05 Toneladas\u200b Combusti\u00f3n Di\u00e9sel y GLP Montacargas07 Toneladas Combusti\u00f3n Di\u00e9sel y GLP Montacargas10 Toneladas Combusti\u00f3n Di\u00e9sel y GLP Montacargas12 Toneladas Combusti\u00f3n Di\u00e9sel y GLP Montacargas15 Toneladas Combusti\u00f3n Di\u00e9sel y GLP<\/p>\n","protected":false},"author":1,"featured_media":0,"parent":0,"menu_order":0,"comment_status":"closed","ping_status":"closed","template":"","meta":{"_surecart_dashboard_logo_width":"180px","_surecart_dashboard_show_logo":true,"_surecart_dashboard_navigation_orders":true,"_surecart_dashboard_navigation_invoices":true,"_surecart_dashboard_navigation_subscriptions":true,"_surecart_dashboard_navigation_downloads":true,"_surecart_dashboard_navigation_billing":true,"_surecart_dashboard_navigation_account":true,"_uag_custom_page_level_css":"","site-sidebar-layout":"no-sidebar","site-content-layout":"plain-container","ast-site-content-layout":"normal-width-container","site-content-style":"unboxed","site-sidebar-style":"unboxed","ast-global-header-display":"","ast-banner-title-visibility":"","ast-main-header-display":"","ast-hfb-above-header-display":"","ast-hfb-below-header-display":"","ast-hfb-mobile-header-display":"","site-post-title":"disabled","ast-breadcrumbs-content":"","ast-featured-img":"disabled","footer-sml-layout":"","theme-transparent-header-meta":"enabled","adv-header-id-meta":"","stick-header-meta":"","header-above-stick-meta":"","header-main-stick-meta":"","header-below-stick-meta":"","astra-migrate-meta-layouts":"set","ast-page-background-enabled":"default","ast-page-background-meta":{"desktop":{"background-color":"var(--ast-global-color-4)","background-image":"","background-repeat":"repeat","background-position":"center center","background-size":"auto","background-attachment":"scroll","background-type":"","background-media":"","overlay-type":"","overlay-color":"","overlay-opacity":"","overlay-gradient":""},"tablet":{"background-color":"","background-image":"","background-repeat":"repeat","background-position":"center center","background-size":"auto","background-attachment":"scroll","background-type":"","background-media":"","overlay-type":"","overlay-color":"","overlay-opacity":"","overlay-gradient":""},"mobile":{"background-color":"","background-image":"","background-repeat":"repeat","background-position":"center center","background-size":"auto","background-attachment":"scroll","background-type":"","background-media":"","overlay-type":"","overlay-color":"","overlay-opacity":"","overlay-gradient":""}},"ast-content-background-meta":{"desktop":{"background-color":"var(--ast-global-color-5)","background-image":"","background-repeat":"repeat","background-position":"center center","background-size":"auto","background-attachment":"scroll","background-type":"","background-media":"","overlay-type":"","overlay-color":"","overlay-opacity":"","overlay-gradient":""},"tablet":{"background-color":"var(--ast-global-color-5)","background-image":"","background-repeat":"repeat","background-position":"center center","background-size":"auto","background-attachment":"scroll","background-type":"","background-media":"","overlay-type":"","overlay-color":"","overlay-opacity":"","overlay-gradient":""},"mobile":{"background-color":"var(--ast-global-color-5)","background-image":"","background-repeat":"repeat","background-position":"center center","background-size":"auto","background-attachment":"scroll","background-type":"","background-media":"","overlay-type":"","overlay-color":"","overlay-opacity":"","overlay-gradient":""}},"footnotes":""},"class_list":["post-495","page","type-page","status-publish","hentry"],"uagb_featured_image_src":{"full":false,"thumbnail":false,"medium":false,"medium_large":false,"large":false,"1536x1536":false,"2048x2048":false},"uagb_author_info":{"display_name":"adminweb","author_link":"https:\/\/multisersac.com\/w\/author\/adminweb\/"},"uagb_comment_info":0,"uagb_excerpt":"MONTACARGAS Montacargas1.0 Toneladas Combusti\u00f3n Di\u00e9sel y GLP Montacargas2.5 Toneladas Combusti\u00f3n Di\u00e9sel y GLP Montacargas03 Toneladas Combusti\u00f3n Di\u00e9sel y GLP Montacargas05 Toneladas\u200b Combusti\u00f3n Di\u00e9sel y GLP Montacargas07 Toneladas Combusti\u00f3n Di\u00e9sel y GLP Montacargas10 Toneladas Combusti\u00f3n Di\u00e9sel y GLP Montacargas12 Toneladas Combusti\u00f3n Di\u00e9sel y GLP Montacargas15 Toneladas Combusti\u00f3n Di\u00e9sel y GLP","_links":{"self":[{"href":"https:\/\/multisersac.com\/w\/wp-json\/wp\/v2\/pages\/495","targetHints":{"allow":["GET"]}}],"collection":[{"href":"https:\/\/multisersac.com\/w\/wp-json\/wp\/v2\/pages"}],"about":[{"href":"https:\/\/multisersac.com\/w\/wp-json\/wp\/v2\/types\/page"}],"author":[{"embeddable":true,"href":"https:\/\/multisersac.com\/w\/wp-json\/wp\/v2\/users\/1"}],"replies":[{"embeddable":true,"href":"https:\/\/multisersac.com\/w\/wp-json\/wp\/v2\/comments?post=495"}],"version-history":[{"count":15,"href":"https:\/\/multisersac.com\/w\/wp-json\/wp\/v2\/pages\/495\/revisions"}],"predecessor-version":[{"id":1495,"href":"https:\/\/multisersac.com\/w\/wp-json\/wp\/v2\/pages\/495\/revisions\/1495"}],"wp:attachment":[{"href":"https:\/\/multisersac.com\/w\/wp-json\/wp\/v2\/media?parent=495"}],"curies":[{"name":"wp","href":"https:\/\/api.w.org\/{rel}","templated":true}]}}